{"id":28,"date":"2019-07-30T14:16:52","date_gmt":"2019-07-30T14:16:52","guid":{"rendered":"http:\/\/www.acersys.es\/?page_id=28"},"modified":"2021-12-23T11:35:08","modified_gmt":"2021-12-23T11:35:08","slug":"inicio","status":"publish","type":"page","link":"https:\/\/www.acersys.es\/","title":{"rendered":""},"content":{"rendered":"\n<div class=\"wp-container-1 wp-block-group alignwide\"><div class=\"wp-block-group__inner-container\">\n<div class=\"wp-block-media-text alignwide is-stacked-on-mobile is-vertically-aligned-center\" style=\"grid-template-columns:46% auto\"><figure class=\"wp-block-media-text__media\"><img loading=\"lazy\" width=\"1024\" height=\"576\" src=\"http:\/\/www.acersys.es\/wp-content\/uploads\/2019\/07\/audio-1839162_1920-1024x576.jpg\" alt=\"\" class=\"wp-image-38 size-full\" srcset=\"https:\/\/www.acersys.es\/wp-content\/uploads\/2019\/07\/audio-1839162_1920-1024x576.jpg 1024w, https:\/\/www.acersys.es\/wp-content\/uploads\/2019\/07\/audio-1839162_1920-300x169.jpg 300w, https:\/\/www.acersys.es\/wp-content\/uploads\/2019\/07\/audio-1839162_1920-768x432.jpg 768w, https:\/\/www.acersys.es\/wp-content\/uploads\/2019\/07\/audio-1839162_1920-1568x882.jpg 1568w, https:\/\/www.acersys.es\/wp-content\/uploads\/2019\/07\/audio-1839162_1920.jpg 1920w\" sizes=\"(max-width: 1024px) 100vw, 1024px\" \/><\/figure><div class=\"wp-block-media-text__content\">\n<p class=\"has-text-align-center\"><strong>T\u00e9cnicos Audiovisuales<\/strong><\/p>\n\n\n\n<p class=\"has-text-align-center\" style=\"font-size:12px\">Somos Proveedores Oficiales de T\u00e9cnicos Audiovisuales de las Instalaciones de FYCMA (Palacio de Ferias y Congresos de M\u00e1laga)<\/p>\n\n\n\n<p class=\"has-text-align-center\" style=\"font-size:12px\">Colaboramos con varias OPCs de \u00e1mbito Nacional en la Celebraci\u00f3n de Eventos.<\/p>\n<\/div><\/div>\n<\/div><\/div>\n\n\n\n<p><\/p>\n\n\n\n<div class=\"wp-container-2 wp-block-group alignwide\"><div class=\"wp-block-group__inner-container\">\n<div class=\"wp-block-media-text alignwide has-media-on-the-right is-stacked-on-mobile\" style=\"grid-template-columns:auto 39%\"><figure class=\"wp-block-media-text__media\"><img loading=\"lazy\" width=\"1024\" height=\"683\" src=\"http:\/\/www.acersys.es\/wp-content\/uploads\/2019\/07\/work-731198_1920-1024x683.jpg\" alt=\"\" class=\"wp-image-105 size-full\" srcset=\"https:\/\/www.acersys.es\/wp-content\/uploads\/2019\/07\/work-731198_1920-1024x683.jpg 1024w, https:\/\/www.acersys.es\/wp-content\/uploads\/2019\/07\/work-731198_1920-300x200.jpg 300w, https:\/\/www.acersys.es\/wp-content\/uploads\/2019\/07\/work-731198_1920-768x512.jpg 768w, https:\/\/www.acersys.es\/wp-content\/uploads\/2019\/07\/work-731198_1920.jpg 1920w\" sizes=\"(max-width: 1024px) 100vw, 1024px\" \/><\/figure><div class=\"wp-block-media-text__content\">\n<p class=\"has-text-align-center\"><strong>T\u00e9cnicos y Equipamiento Inform\u00e1tico<\/strong><\/p>\n\n\n\n<p class=\"has-text-align-center\" style=\"font-size:12px\">Somos Proveedores Oficiales de T\u00e9cnicos Inform\u00e1ticos y de Equipamiento Inform\u00e1tico y Ofim\u00e1tico para Eventos de FYCMA (Palacio de Ferias y Congresos de M\u00e1laga)<\/p>\n\n\n\n<p class=\"has-text-align-center\" style=\"font-size:12px\">Damos Soporte Inform\u00e1tico Integral a multitud de Clientes de muy diversos sectores.<\/p>\n<\/div><\/div>\n<\/div><\/div>\n\n\n\n<p><\/p>\n\n\n\n<div class=\"wp-container-3 wp-block-group alignwide\"><div class=\"wp-block-group__inner-container\">\n<div class=\"wp-block-media-text alignwide is-stacked-on-mobile\" style=\"grid-template-columns:48% auto\"><figure class=\"wp-block-media-text__media\"><img loading=\"lazy\" width=\"1024\" height=\"576\" src=\"http:\/\/www.acersys.es\/wp-content\/uploads\/2019\/07\/network-2402637_1280-1024x576.jpg\" alt=\"\" class=\"wp-image-101 size-full\" srcset=\"https:\/\/www.acersys.es\/wp-content\/uploads\/2019\/07\/network-2402637_1280-1024x576.jpg 1024w, https:\/\/www.acersys.es\/wp-content\/uploads\/2019\/07\/network-2402637_1280-300x169.jpg 300w, https:\/\/www.acersys.es\/wp-content\/uploads\/2019\/07\/network-2402637_1280-768x432.jpg 768w, https:\/\/www.acersys.es\/wp-content\/uploads\/2019\/07\/network-2402637_1280.jpg 1280w\" sizes=\"(max-width: 1024px) 100vw, 1024px\" \/><\/figure><div class=\"wp-block-media-text__content\">\n<p class=\"has-text-align-center\"><strong>Cloud Backup &amp; Auditorias<\/strong><\/p>\n\n\n\n<p class=\"has-text-align-center\" style=\"font-size:12px\">Ofrecemos a Nuestros Clientes una Capa Extra de Seguridad de Informaci\u00f3n en nuestra Nube de Computaci\u00f3n.<\/p>\n<\/div><\/div>\n<\/div><\/div>\n\n\n\n<p><\/p>\n\n\n\n<div class=\"wp-container-4 wp-block-group alignwide\"><div class=\"wp-block-group__inner-container\">\n<div class=\"wp-block-media-text alignwide has-media-on-the-right is-stacked-on-mobile\" style=\"grid-template-columns:auto 42%\"><figure class=\"wp-block-media-text__media\"><img loading=\"lazy\" width=\"1024\" height=\"558\" src=\"http:\/\/www.acersys.es\/wp-content\/uploads\/2019\/07\/imac-1999636_1920-1024x558.png\" alt=\"\" class=\"wp-image-111 size-full\" srcset=\"https:\/\/www.acersys.es\/wp-content\/uploads\/2019\/07\/imac-1999636_1920-1024x558.png 1024w, https:\/\/www.acersys.es\/wp-content\/uploads\/2019\/07\/imac-1999636_1920-300x164.png 300w, https:\/\/www.acersys.es\/wp-content\/uploads\/2019\/07\/imac-1999636_1920-768x419.png 768w, https:\/\/www.acersys.es\/wp-content\/uploads\/2019\/07\/imac-1999636_1920.png 1920w\" sizes=\"(max-width: 1024px) 100vw, 1024px\" \/><\/figure><div class=\"wp-block-media-text__content\">\n<p class=\"has-text-align-center\"><strong>Alquiler y Venta de Equipamiento Inform\u00e1tico<\/strong><\/p>\n\n\n\n<p class=\"has-text-align-center\" style=\"font-size:12px\">Alquilamos y Vendemos Todo Tipo de Equipamiento Inform\u00e1tico para la Celebraci\u00f3n de Eventos, as\u00ed como para la digitalizaci\u00f3n de Empresas.<\/p>\n<\/div><\/div>\n<\/div><\/div>\n\n\n\n<p><\/p>\n\n\n\n<p><\/p>\n","protected":false},"excerpt":{"rendered":"<p>T\u00e9cnicos Audiovisuales Somos Proveedores Oficiales de T\u00e9cnicos Audiovisuales de las Instalaciones de FYCMA (Palacio de Ferias y Congresos de M\u00e1laga) Colaboramos con varias OPCs de \u00e1mbito Nacional en la Celebraci\u00f3n de Eventos. T\u00e9cnicos y Equipamiento Inform\u00e1tico Somos Proveedores Oficiales de T\u00e9cnicos Inform\u00e1ticos y de Equipamiento Inform\u00e1tico y Ofim\u00e1tico para Eventos de FYCMA (Palacio de Ferias &hellip;<\/p>\n<p class=\"read-more\"> <a class=\"\" href=\"https:\/\/www.acersys.es\/\">  Read More &raquo;<\/a><\/p>\n","protected":false},"author":1,"featured_media":0,"parent":0,"menu_order":0,"comment_status":"closed","ping_status":"closed","template":"","meta":{"site-sidebar-layout":"default","site-content-layout":"default","ast-main-header-display":"","ast-hfb-above-header-display":"","ast-hfb-below-header-display":"","ast-hfb-mobile-header-display":"","site-post-title":"","ast-breadcrumbs-content":"","ast-featured-img":"","footer-sml-layout":"","theme-transparent-header-meta":"","adv-header-id-meta":"","stick-header-meta":"","header-above-stick-meta":"","header-main-stick-meta":"","header-below-stick-meta":""},"_links":{"self":[{"href":"https:\/\/www.acersys.es\/index.php\/wp-json\/wp\/v2\/pages\/28"}],"collection":[{"href":"https:\/\/www.acersys.es\/index.php\/wp-json\/wp\/v2\/pages"}],"about":[{"href":"https:\/\/www.acersys.es\/index.php\/wp-json\/wp\/v2\/types\/page"}],"author":[{"embeddable":true,"href":"https:\/\/www.acersys.es\/index.php\/wp-json\/wp\/v2\/users\/1"}],"replies":[{"embeddable":true,"href":"https:\/\/www.acersys.es\/index.php\/wp-json\/wp\/v2\/comments?post=28"}],"version-history":[{"count":48,"href":"https:\/\/www.acersys.es\/index.php\/wp-json\/wp\/v2\/pages\/28\/revisions"}],"predecessor-version":[{"id":221,"href":"https:\/\/www.acersys.es\/index.php\/wp-json\/wp\/v2\/pages\/28\/revisions\/221"}],"wp:attachment":[{"href":"https:\/\/www.acersys.es\/index.php\/wp-json\/wp\/v2\/media?parent=28"}],"curies":[{"name":"wp","href":"https:\/\/api.w.org\/{rel}","templated":true}]}}