{"id":3,"date":"2019-07-30T13:57:20","date_gmt":"2019-07-30T13:57:20","guid":{"rendered":"http:\/\/www.acersys.es\/?page_id=3"},"modified":"2021-12-23T11:23:20","modified_gmt":"2021-12-23T11:23:20","slug":"privacy-policy","status":"publish","type":"page","link":"https:\/\/www.acersys.es\/index.php\/privacy-policy\/","title":{"rendered":""},"content":{"rendered":"\n<p class=\"has-text-align-center\">En cumplimiento del art\u00edculo 22.2 de la Ley 34\/2002, de Servicios de la Sociedad de la Informaci\u00f3n, informamos a los usuarios de nuestro sitio web de nuestra Pol\u00edtica de uso de Cookies, aplicable al sitio web principal de ACERSYS (www.acersys.es).<\/p>\n\n\n\n<p class=\"has-text-align-center\"><strong>\u00bfQu\u00e9 es una Cookie?<\/strong><\/p>\n\n\n\n<p class=\"has-text-align-center\">Las cookies son archivos que contienen peque\u00f1as cantidades de informaci\u00f3n que se descargan en el dispositivo del usuario que se utiliza cuando visitas el sitio web de ACERSYS. Su finalidad principal es reconocer al usuario (mediante identificadores que no permiten identificarlo con persona f\u00edsica alguna) cada vez que accede al sitio web y nos permite, adem\u00e1s, mejorar la calidad y la usabilidad de nuestros sitios web. Las cookies son esenciales para el funcionamiento de Internet; no pueden da\u00f1ar el equipo\/dispositivo del usuario y, si se encuentran activadas en la configuraci\u00f3n de tu navegador, nos ayudan a identificar y resolver posibles errores de funcionamiento.<\/p>\n\n\n\n<p class=\"has-text-align-center\"><strong>Tipos de Cookies<\/strong><\/p>\n\n\n\n<p class=\"has-text-align-center\">Hay diferentes tipos de cookies. Todos ellos trabajan de la misma manera, pero tienen peque\u00f1as diferencias:<\/p>\n\n\n\n<ul><li><strong>Cookies de Sesi\u00f3n<\/strong>. Las cookies de sesi\u00f3n duran solamente por la duraci\u00f3n de la visita y se borran cuando el usuario cierra el navegador. Su finalidad principal es identificar el tipo de dispositivo, apoyar la seguridad sitio web o su funcionalidad b\u00e1sica. No contienen informaci\u00f3n personal que permita identificar a una persona.<\/li><li><strong>Cookies Persistentes o Permanentes<\/strong>. Se almacenan en el disco duro del dispositivo y el sitio web las lee cada vez que el usuario realiza una nueva visita al sitio web; poseen una fecha de caducidad o expiraci\u00f3n determinada, cumplida la cual la cookie deja de funcionar. Permiten identificar las acciones y preferencias del usuario; analizar las visitas y ayudan a comprender c\u00f3mo llegan los usuarios al sitio web y mejorar los servicios ofrecidos por el mismo.<\/li><li><strong>Cookies de Funcionalidad<\/strong>. Permiten recordar decisiones adoptadas por el usuario, como su login o identificador. La informaci\u00f3n de estas cookies es an\u00f3nima (es decir, no contiene nombre, direcci\u00f3n, u otros datos personales).<\/li><li><strong>Cookies de<\/strong>&nbsp;<strong>Terceros<\/strong>. Las cookies de terceros son las cookies que instala un sitio web que no es el que el usuario est\u00e1 visitando; por ejemplo, las usadas por redes sociales (como Facebook) o por complementos externos de contenido (como Google Maps).<\/li><li><strong>Cookies Anal\u00edticas<\/strong>. Son cookies que tienen por finalidad el mantenimiento peri\u00f3dico y garantizar el mejor funcionamiento y servicio al usuario; recopilando datos de su actividad.<\/li><\/ul>\n\n\n\n<p class=\"has-text-align-center\"><strong>Uso de Cookies por parte de ACERSYS<\/strong><\/p>\n\n\n\n<p class=\"has-text-align-center\">Mediante el acceso a cualquiera de los sitios web responsabilidad de ACERSYS, el usuario acepta de manera expresa que podamos usar este tipo de cookies en sus dispositivos. No obstante, si desactivas las cookies, no afectar\u00e1 a la navegaci\u00f3n en nuestros sitios web.<\/p>\n\n\n\n<p class=\"has-text-align-center\"><strong>Cookies propias<\/strong><\/p>\n\n\n\n<p class=\"has-text-align-center\"><strong>Cookies de Google Analytics<\/strong><\/p>\n\n\n\n<p class=\"has-text-align-center\">Nuestros sitios web utilizan el servicio Google Analytics, que es prestado por Google, Inc., entidad cuya oficina principal est\u00e1 en 1600 Amphitheatre Parkway, Mountain View (California), CA 94043, Estados Unidos (\u00abGoogle\u00bb).<\/p>\n\n\n\n<p class=\"has-text-align-center\">Google Analytics utiliza cookies (_utma, _utmb, _utmc y _utmz) para ayudarnos a analizar el uso que hacen los usuarios del sitio. La informaci\u00f3n que genera la cookie acerca del uso del sitio (incluyendo la direcci\u00f3n IP que se usa en la navegaci\u00f3n) ser\u00e1 directamente transmitida y archivada por Google en sus servidores de Estados Unidos.<\/p>\n\n\n\n<p class=\"has-text-align-center\">Las cookies de Google Analytics generan un ID de usuario an\u00f3nimo, que es el que se utiliza para hacer un recuento de cuantas veces visita el usuario nuestro sitio web. Tambi\u00e9n registra cuando fue la primera y la \u00faltima vez que visit\u00f3 la web, duraci\u00f3n de la sesi\u00f3n y origen de usuario.<\/p>\n\n\n\n<p class=\"has-text-align-center\">Google usar\u00e1 esta informaci\u00f3n por cuenta de ACERSYS con el prop\u00f3sito de obtener informes de la actividad del sitio. Google podr\u00e1 transmitir dicha informaci\u00f3n a terceros cuando as\u00ed se lo requiera la legislaci\u00f3n, o cuando dichos terceros procesen la informaci\u00f3n por cuenta de Google. Google no asociar\u00e1 la direcci\u00f3n IP desde la que accede el usuario con ning\u00fan otro dato del que disponga Google.<\/p>\n\n\n\n<p class=\"has-text-align-center\">El usuario podr\u00e1 rechazar el tratamiento de los datos o la informaci\u00f3n rechazando el uso de cookies mediante la selecci\u00f3n de la configuraci\u00f3n apropiada de su navegador.<\/p>\n\n\n\n<p class=\"has-text-align-center\"><strong>Configuraci\u00f3n del usuario para evitar Cookies<\/strong><\/p>\n\n\n\n<p class=\"has-text-align-center\">La siguiente informaci\u00f3n facilita al usuario la forma de configurar su navegador o navegadores de Internet para mantener su privacidad y seguridad en relaci\u00f3n a las cookies. Para ello, facilitamos la informaci\u00f3n y enlaces a los sitos de soporte oficiales de los principales navegadores. Con dichas ayudas, el usuario puede bloquear las cookies a trav\u00e9s de las herramientas de configuraci\u00f3n del navegador o bien configurarlo para que le avise cuando un servidor quiera guardar una cookie.<\/p>\n\n\n\n<ul><li>Internet Explorer:&nbsp;<a href=\"http:\/\/windows.microsoft.com\/es-ES\/windows-vista\/Block-or-allow-cookies\" target=\"_blank\" rel=\"noreferrer noopener\">http:\/\/windows.microsoft.com\/es-ES\/windows-vista\/Block-or-allow-cookies<\/a><\/li><li>Chrome:&nbsp;<a href=\"https:\/\/support.google.com\/chrome\/answer\/95647?hl=es\" target=\"_blank\" rel=\"noreferrer noopener\">https:\/\/support.google.com\/chrome\/answer\/95647?hl=es<\/a><\/li><li>Firefox:&nbsp;<a href=\"http:\/\/support.mozilla.org\/es\/kb\/habilitar-y-deshabilitar-cookies-que-los-sitios-we\" target=\"_blank\" rel=\"noreferrer noopener\">http:\/\/support.mozilla.org\/es\/kb\/habilitar-y-deshabilitar-cookies-que-los-sitios-we<\/a><\/li><li>Safari:&nbsp;<a href=\"http:\/\/support.apple.com\/kb\/HT1677?viewlocale=es_ES\" target=\"_blank\" rel=\"noreferrer noopener\">http:\/\/support.apple.com\/kb\/HT1677?viewlocale=es_ES<\/a><\/li><\/ul>\n\n\n\n<p><\/p>\n","protected":false},"excerpt":{"rendered":"<p>En cumplimiento del art\u00edculo 22.2 de la Ley 34\/2002, de Servicios de la Sociedad de la Informaci\u00f3n, informamos a los usuarios de nuestro sitio web de nuestra Pol\u00edtica de uso de Cookies, aplicable al sitio web principal de ACERSYS (www.acersys.es). \u00bfQu\u00e9 es una Cookie? Las cookies son archivos que contienen peque\u00f1as cantidades de informaci\u00f3n que &hellip;<\/p>\n<p class=\"read-more\"> <a class=\"\" href=\"https:\/\/www.acersys.es\/index.php\/privacy-policy\/\">  Read More &raquo;<\/a><\/p>\n","protected":false},"author":1,"featured_media":0,"parent":0,"menu_order":0,"comment_status":"closed","ping_status":"open","template":"","meta":{"site-sidebar-layout":"default","site-content-layout":"default","ast-main-header-display":"","ast-hfb-above-header-display":"","ast-hfb-below-header-display":"","ast-hfb-mobile-header-display":"","site-post-title":"","ast-breadcrumbs-content":"","ast-featured-img":"","footer-sml-layout":"","theme-transparent-header-meta":"","adv-header-id-meta":"","stick-header-meta":"","header-above-stick-meta":"","header-main-stick-meta":"","header-below-stick-meta":""},"_links":{"self":[{"href":"https:\/\/www.acersys.es\/index.php\/wp-json\/wp\/v2\/pages\/3"}],"collection":[{"href":"https:\/\/www.acersys.es\/index.php\/wp-json\/wp\/v2\/pages"}],"about":[{"href":"https:\/\/www.acersys.es\/index.php\/wp-json\/wp\/v2\/types\/page"}],"author":[{"embeddable":true,"href":"https:\/\/www.acersys.es\/index.php\/wp-json\/wp\/v2\/users\/1"}],"replies":[{"embeddable":true,"href":"https:\/\/www.acersys.es\/index.php\/wp-json\/wp\/v2\/comments?post=3"}],"version-history":[{"count":5,"href":"https:\/\/www.acersys.es\/index.php\/wp-json\/wp\/v2\/pages\/3\/revisions"}],"predecessor-version":[{"id":216,"href":"https:\/\/www.acersys.es\/index.php\/wp-json\/wp\/v2\/pages\/3\/revisions\/216"}],"wp:attachment":[{"href":"https:\/\/www.acersys.es\/index.php\/wp-json\/wp\/v2\/media?parent=3"}],"curies":[{"name":"wp","href":"https:\/\/api.w.org\/{rel}","templated":true}]}}